{"id":2038,"date":"2023-10-20T11:19:08","date_gmt":"2023-10-20T09:19:08","guid":{"rendered":"https:\/\/leopardbrise.fr\/?page_id=2038"},"modified":"2023-10-20T16:10:05","modified_gmt":"2023-10-20T14:10:05","slug":"mentions-legales","status":"publish","type":"page","link":"https:\/\/leopardbrise.fr\/?page_id=2038","title":{"rendered":"Mentions l\u00e9gales"},"content":{"rendered":"\n<p><\/p>\n\n\n\n<p><\/p>\n\n\n\n<p>Le site leopardbrise.com est cr\u00e9\u00e9 et g\u00e9r\u00e9 par l\u2019entreprise L\u00e9opard brise .<\/p>\n\n\n\n<p>Num\u00e9ro SIRET : 9&#8230;&#8230;&#8230; 00011<\/p>\n\n\n\n<p>TVA intra-communautaire : FR<\/p>\n\n\n\n<p>Adresse Postale : 11, Rempart Saint-Thi\u00e9bault 57000 METZ<\/p>\n\n\n\n<p>Adresse mail : contact@leopardbrise.com<\/p>\n\n\n\n<h2 class=\"wp-block-heading\">H\u00e9bergement du site<\/h2>\n\n\n\n<p>Le site leopardbrise.com est h\u00e9berg\u00e9 sur les serveurs fran\u00e7ais de l\u2019entreprise <a href=\"https:\/\/www.hostinger.fr\/termes-universels-de-contrat-de-service\">Hostinger<\/a>, domicili\u00e9 au&nbsp;61, rue Lordou Vironos, 6023 Larnaca, Chypre<\/p>\n\n\n\n<p><a href=\"mailto:compliance@hostinger.com\">Adresse mail :<\/a> <a href=\"mailto:compliance@hostinger.com\">compliance@hostinger.com<\/a><\/p>\n\n\n\n<h2 class=\"wp-block-heading\">Mentions concernant la propri\u00e9t\u00e9 intellectuelle<\/h2>\n\n\n\n<p>Les contenus mis \u00e0 disposition sur le site leopardbrise.com sont, sauf exceptions, la propri\u00e9t\u00e9 exclusive de l\u2019entreprise leopard brise EI.<\/p>\n\n\n\n<p>Les images et autres visuels d\u2019illustration peuvent provenir de la banque d\u2019images <a href=\"https:\/\/unsplash.com\/license\">unsplash.com<\/a> qui d\u00e9livre une licence d\u2019exploitation des photos \u00e0 usage commercial et\/ou non-commercial.<\/p>\n","protected":false},"excerpt":{"rendered":"<p>Le site leopardbrise.com est cr\u00e9\u00e9 et g\u00e9r\u00e9 par l\u2019entreprise L\u00e9opard brise . Num\u00e9ro SIRET : 9&#8230;&#8230;&#8230; 00011 TVA intra-communautaire : FR Adresse Postale : 11, Rempart Saint-Thi\u00e9bault 57000 METZ Adresse mail : contact@leopardbrise.com H\u00e9bergement du site Le site leopardbrise.com est h\u00e9berg\u00e9 sur les serveurs fran\u00e7ais de l\u2019entreprise Hostinger, domicili\u00e9 au&nbsp;61, rue Lordou Vironos, 6023 Larnaca, &hellip;<\/p>\n<p class=\"read-more\"> <a class=\"\" href=\"https:\/\/leopardbrise.fr\/?page_id=2038\"> <span class=\"screen-reader-text\">Mentions l\u00e9gales<\/span> Lire la suite\u00a0\u00bb<\/a><\/p>\n","protected":false},"author":3,"featured_media":0,"parent":0,"menu_order":0,"comment_status":"closed","ping_status":"closed","template":"","meta":{"site-sidebar-layout":"default","site-content-layout":"","ast-site-content-layout":"default","site-content-style":"default","site-sidebar-style":"default","ast-global-header-display":"","ast-banner-title-visibility":"","ast-main-header-display":"","ast-hfb-above-header-display":"","ast-hfb-below-header-display":"","ast-hfb-mobile-header-display":"","site-post-title":"","ast-breadcrumbs-content":"","ast-featured-img":"","footer-sml-layout":"","theme-transparent-header-meta":"","adv-header-id-meta":"","stick-header-meta":"","header-above-stick-meta":"","header-main-stick-meta":"","header-below-stick-meta":"","astra-migrate-meta-layouts":"set","footnotes":""},"yoast_head":"<!-- This site is optimized with the Yoast SEO plugin v21.4 - https:\/\/yoast.com\/wordpress\/plugins\/seo\/ -->\n<title>Mentions l\u00e9gales - l\u00e9opardbrise.fr<\/title>\n<meta name=\"robots\" content=\"noindex, nofollow\" \/>\n<meta property=\"og:locale\" content=\"fr_FR\" \/>\n<meta property=\"og:type\" content=\"article\" \/>\n<meta property=\"og:title\" content=\"Mentions l\u00e9gales - l\u00e9opardbrise.fr\" \/>\n<meta property=\"og:description\" content=\"Le site leopardbrise.com est cr\u00e9\u00e9 et g\u00e9r\u00e9 par l\u2019entreprise L\u00e9opard brise . Num\u00e9ro SIRET : 9&#8230;&#8230;&#8230; 00011 TVA intra-communautaire : FR Adresse Postale : 11, Rempart Saint-Thi\u00e9bault 57000 METZ Adresse mail : contact@leopardbrise.com H\u00e9bergement du site Le site leopardbrise.com est h\u00e9berg\u00e9 sur les serveurs fran\u00e7ais de l\u2019entreprise Hostinger, domicili\u00e9 au&nbsp;61, rue Lordou Vironos, 6023 Larnaca, &hellip; Mentions l\u00e9gales Lire la suite\u00a0\u00bb\" \/>\n<meta property=\"og:url\" content=\"https:\/\/leopardbrise.fr\/?page_id=2038\" \/>\n<meta property=\"og:site_name\" content=\"l\u00e9opardbrise.fr\" \/>\n<meta property=\"article:modified_time\" content=\"2023-10-20T14:10:05+00:00\" \/>\n<meta name=\"twitter:card\" content=\"summary_large_image\" \/>\n<meta name=\"twitter:label1\" content=\"Dur\u00e9e de lecture estim\u00e9e\" \/>\n\t<meta name=\"twitter:data1\" content=\"1 minute\" \/>\n<script type=\"application\/ld+json\" class=\"yoast-schema-graph\">{\"@context\":\"https:\/\/schema.org\",\"@graph\":[{\"@type\":\"WebPage\",\"@id\":\"https:\/\/leopardbrise.fr\/?page_id=2038\",\"url\":\"https:\/\/leopardbrise.fr\/?page_id=2038\",\"name\":\"Mentions l\u00e9gales - l\u00e9opardbrise.fr\",\"isPartOf\":{\"@id\":\"https:\/\/leopardbrise.fr\/#website\"},\"datePublished\":\"2023-10-20T09:19:08+00:00\",\"dateModified\":\"2023-10-20T14:10:05+00:00\",\"breadcrumb\":{\"@id\":\"https:\/\/leopardbrise.fr\/?page_id=2038#breadcrumb\"},\"inLanguage\":\"fr-FR\",\"potentialAction\":[{\"@type\":\"ReadAction\",\"target\":[\"https:\/\/leopardbrise.fr\/?page_id=2038\"]}]},{\"@type\":\"BreadcrumbList\",\"@id\":\"https:\/\/leopardbrise.fr\/?page_id=2038#breadcrumb\",\"itemListElement\":[{\"@type\":\"ListItem\",\"position\":1,\"name\":\"Accueil\",\"item\":\"https:\/\/leopardbrise.fr\/\"},{\"@type\":\"ListItem\",\"position\":2,\"name\":\"Mentions l\u00e9gales\"}]},{\"@type\":\"WebSite\",\"@id\":\"https:\/\/leopardbrise.fr\/#website\",\"url\":\"https:\/\/leopardbrise.fr\/\",\"name\":\"l\u00e9opardbrise.fr\",\"description\":\"votre r\u00e9parateur vitrage \u00e0 domicile!\",\"publisher\":{\"@id\":\"https:\/\/leopardbrise.fr\/#organization\"},\"potentialAction\":[{\"@type\":\"SearchAction\",\"target\":{\"@type\":\"EntryPoint\",\"urlTemplate\":\"https:\/\/leopardbrise.fr\/?s={search_term_string}\"},\"query-input\":\"required name=search_term_string\"}],\"inLanguage\":\"fr-FR\"},{\"@type\":\"Organization\",\"@id\":\"https:\/\/leopardbrise.fr\/#organization\",\"name\":\"l\u00e9opardbrise.fr\",\"url\":\"https:\/\/leopardbrise.fr\/\",\"logo\":{\"@type\":\"ImageObject\",\"inLanguage\":\"fr-FR\",\"@id\":\"https:\/\/leopardbrise.fr\/#\/schema\/logo\/image\/\",\"url\":\"https:\/\/leopardbrise.fr\/wp-content\/uploads\/2023\/09\/cropped-leopard-spots-yellow-47727-2.png\",\"contentUrl\":\"https:\/\/leopardbrise.fr\/wp-content\/uploads\/2023\/09\/cropped-leopard-spots-yellow-47727-2.png\",\"width\":808,\"height\":1279,\"caption\":\"l\u00e9opardbrise.fr\"},\"image\":{\"@id\":\"https:\/\/leopardbrise.fr\/#\/schema\/logo\/image\/\"}}]}<\/script>\n<!-- \/ Yoast SEO plugin. -->","yoast_head_json":{"title":"Mentions l\u00e9gales - l\u00e9opardbrise.fr","robots":{"index":"noindex","follow":"nofollow"},"og_locale":"fr_FR","og_type":"article","og_title":"Mentions l\u00e9gales - l\u00e9opardbrise.fr","og_description":"Le site leopardbrise.com est cr\u00e9\u00e9 et g\u00e9r\u00e9 par l\u2019entreprise L\u00e9opard brise . Num\u00e9ro SIRET : 9&#8230;&#8230;&#8230; 00011 TVA intra-communautaire : FR Adresse Postale : 11, Rempart Saint-Thi\u00e9bault 57000 METZ Adresse mail : contact@leopardbrise.com H\u00e9bergement du site Le site leopardbrise.com est h\u00e9berg\u00e9 sur les serveurs fran\u00e7ais de l\u2019entreprise Hostinger, domicili\u00e9 au&nbsp;61, rue Lordou Vironos, 6023 Larnaca, &hellip; Mentions l\u00e9gales Lire la suite\u00a0\u00bb","og_url":"https:\/\/leopardbrise.fr\/?page_id=2038","og_site_name":"l\u00e9opardbrise.fr","article_modified_time":"2023-10-20T14:10:05+00:00","twitter_card":"summary_large_image","twitter_misc":{"Dur\u00e9e de lecture estim\u00e9e":"1 minute"},"schema":{"@context":"https:\/\/schema.org","@graph":[{"@type":"WebPage","@id":"https:\/\/leopardbrise.fr\/?page_id=2038","url":"https:\/\/leopardbrise.fr\/?page_id=2038","name":"Mentions l\u00e9gales - l\u00e9opardbrise.fr","isPartOf":{"@id":"https:\/\/leopardbrise.fr\/#website"},"datePublished":"2023-10-20T09:19:08+00:00","dateModified":"2023-10-20T14:10:05+00:00","breadcrumb":{"@id":"https:\/\/leopardbrise.fr\/?page_id=2038#breadcrumb"},"inLanguage":"fr-FR","potentialAction":[{"@type":"ReadAction","target":["https:\/\/leopardbrise.fr\/?page_id=2038"]}]},{"@type":"BreadcrumbList","@id":"https:\/\/leopardbrise.fr\/?page_id=2038#breadcrumb","itemListElement":[{"@type":"ListItem","position":1,"name":"Accueil","item":"https:\/\/leopardbrise.fr\/"},{"@type":"ListItem","position":2,"name":"Mentions l\u00e9gales"}]},{"@type":"WebSite","@id":"https:\/\/leopardbrise.fr\/#website","url":"https:\/\/leopardbrise.fr\/","name":"l\u00e9opardbrise.fr","description":"votre r\u00e9parateur vitrage \u00e0 domicile!","publisher":{"@id":"https:\/\/leopardbrise.fr\/#organization"},"potentialAction":[{"@type":"SearchAction","target":{"@type":"EntryPoint","urlTemplate":"https:\/\/leopardbrise.fr\/?s={search_term_string}"},"query-input":"required name=search_term_string"}],"inLanguage":"fr-FR"},{"@type":"Organization","@id":"https:\/\/leopardbrise.fr\/#organization","name":"l\u00e9opardbrise.fr","url":"https:\/\/leopardbrise.fr\/","logo":{"@type":"ImageObject","inLanguage":"fr-FR","@id":"https:\/\/leopardbrise.fr\/#\/schema\/logo\/image\/","url":"https:\/\/leopardbrise.fr\/wp-content\/uploads\/2023\/09\/cropped-leopard-spots-yellow-47727-2.png","contentUrl":"https:\/\/leopardbrise.fr\/wp-content\/uploads\/2023\/09\/cropped-leopard-spots-yellow-47727-2.png","width":808,"height":1279,"caption":"l\u00e9opardbrise.fr"},"image":{"@id":"https:\/\/leopardbrise.fr\/#\/schema\/logo\/image\/"}}]}},"_links":{"self":[{"href":"https:\/\/leopardbrise.fr\/index.php?rest_route=\/wp\/v2\/pages\/2038"}],"collection":[{"href":"https:\/\/leopardbrise.fr\/index.php?rest_route=\/wp\/v2\/pages"}],"about":[{"href":"https:\/\/leopardbrise.fr\/index.php?rest_route=\/wp\/v2\/types\/page"}],"author":[{"embeddable":true,"href":"https:\/\/leopardbrise.fr\/index.php?rest_route=\/wp\/v2\/users\/3"}],"replies":[{"embeddable":true,"href":"https:\/\/leopardbrise.fr\/index.php?rest_route=%2Fwp%2Fv2%2Fcomments&post=2038"}],"version-history":[{"count":2,"href":"https:\/\/leopardbrise.fr\/index.php?rest_route=\/wp\/v2\/pages\/2038\/revisions"}],"predecessor-version":[{"id":2040,"href":"https:\/\/leopardbrise.fr\/index.php?rest_route=\/wp\/v2\/pages\/2038\/revisions\/2040"}],"wp:attachment":[{"href":"https:\/\/leopardbrise.fr\/index.php?rest_route=%2Fwp%2Fv2%2Fmedia&parent=2038"}],"curies":[{"name":"wp","href":"https:\/\/api.w.org\/{rel}","templated":true}]}}