{"id":6,"date":"2023-09-08T16:38:29","date_gmt":"2023-09-08T14:38:29","guid":{"rendered":"http:\/\/leopardbrise.fr\/?page_id=6"},"modified":"2023-09-08T16:38:29","modified_gmt":"2023-09-08T14:38:29","slug":"cart","status":"publish","type":"page","link":"https:\/\/leopardbrise.fr\/?page_id=6","title":{"rendered":"Cart"},"content":{"rendered":"<div class=\"woocommerce\"><div class=\"woocommerce-notices-wrapper\"><\/div><div class=\"wc-empty-cart-message\">\n\t<div class=\"cart-empty woocommerce-info\">\n\t\tVotre panier est actuellement vide.\t<\/div>\n<\/div>\t<p class=\"return-to-shop\">\n\t\t<a class=\"button wc-backward\" href=\"https:\/\/leopardbrise.fr\/?page_id=2007\">\n\t\t\tRetour \u00e0 la boutique\t\t<\/a>\n\t<\/p>\n<\/div>\n","protected":false},"excerpt":{"rendered":"","protected":false},"author":1,"featured_media":0,"parent":0,"menu_order":0,"comment_status":"closed","ping_status":"closed","template":"","meta":{"site-sidebar-layout":"default","site-content-layout":"","ast-site-content-layout":"","site-content-style":"default","site-sidebar-style":"default","ast-global-header-display":"","ast-banner-title-visibility":"","ast-main-header-display":"","ast-hfb-above-header-display":"","ast-hfb-below-header-display":"","ast-hfb-mobile-header-display":"","site-post-title":"","ast-breadcrumbs-content":"","ast-featured-img":"","footer-sml-layout":"","theme-transparent-header-meta":"","adv-header-id-meta":"","stick-header-meta":"","header-above-stick-meta":"","header-main-stick-meta":"","header-below-stick-meta":"","astra-migrate-meta-layouts":"","footnotes":""},"yoast_head":"<!-- This site is optimized with the Yoast SEO plugin v21.4 - https:\/\/yoast.com\/wordpress\/plugins\/seo\/ -->\n<title>Cart - l\u00e9opardbrise.fr<\/title>\n<meta name=\"robots\" content=\"index, follow, max-snippet:-1, max-image-preview:large, max-video-preview:-1\" \/>\n<link rel=\"canonical\" href=\"https:\/\/leopardbrise.fr\/?page_id=6\" \/>\n<meta property=\"og:locale\" content=\"fr_FR\" \/>\n<meta property=\"og:type\" content=\"article\" \/>\n<meta property=\"og:title\" content=\"Cart - l\u00e9opardbrise.fr\" \/>\n<meta property=\"og:url\" content=\"https:\/\/leopardbrise.fr\/?page_id=6\" \/>\n<meta property=\"og:site_name\" content=\"l\u00e9opardbrise.fr\" \/>\n<meta name=\"twitter:card\" content=\"summary_large_image\" \/>\n<script type=\"application\/ld+json\" class=\"yoast-schema-graph\">{\"@context\":\"https:\/\/schema.org\",\"@graph\":[{\"@type\":\"WebPage\",\"@id\":\"https:\/\/leopardbrise.fr\/?page_id=6\",\"url\":\"https:\/\/leopardbrise.fr\/?page_id=6\",\"name\":\"Cart - l\u00e9opardbrise.fr\",\"isPartOf\":{\"@id\":\"https:\/\/leopardbrise.fr\/#website\"},\"datePublished\":\"2023-09-08T14:38:29+00:00\",\"dateModified\":\"2023-09-08T14:38:29+00:00\",\"breadcrumb\":{\"@id\":\"https:\/\/leopardbrise.fr\/?page_id=6#breadcrumb\"},\"inLanguage\":\"fr-FR\",\"potentialAction\":[{\"@type\":\"ReadAction\",\"target\":[\"https:\/\/leopardbrise.fr\/?page_id=6\"]}]},{\"@type\":\"BreadcrumbList\",\"@id\":\"https:\/\/leopardbrise.fr\/?page_id=6#breadcrumb\",\"itemListElement\":[{\"@type\":\"ListItem\",\"position\":1,\"name\":\"Accueil\",\"item\":\"https:\/\/leopardbrise.fr\/\"},{\"@type\":\"ListItem\",\"position\":2,\"name\":\"Cart\"}]},{\"@type\":\"WebSite\",\"@id\":\"https:\/\/leopardbrise.fr\/#website\",\"url\":\"https:\/\/leopardbrise.fr\/\",\"name\":\"l\u00e9opardbrise.fr\",\"description\":\"votre r\u00e9parateur vitrage \u00e0 domicile!\",\"publisher\":{\"@id\":\"https:\/\/leopardbrise.fr\/#organization\"},\"potentialAction\":[{\"@type\":\"SearchAction\",\"target\":{\"@type\":\"EntryPoint\",\"urlTemplate\":\"https:\/\/leopardbrise.fr\/?s={search_term_string}\"},\"query-input\":\"required name=search_term_string\"}],\"inLanguage\":\"fr-FR\"},{\"@type\":\"Organization\",\"@id\":\"https:\/\/leopardbrise.fr\/#organization\",\"name\":\"l\u00e9opardbrise.fr\",\"url\":\"https:\/\/leopardbrise.fr\/\",\"logo\":{\"@type\":\"ImageObject\",\"inLanguage\":\"fr-FR\",\"@id\":\"https:\/\/leopardbrise.fr\/#\/schema\/logo\/image\/\",\"url\":\"https:\/\/leopardbrise.fr\/wp-content\/uploads\/2023\/09\/cropped-leopard-spots-yellow-47727-2.png\",\"contentUrl\":\"https:\/\/leopardbrise.fr\/wp-content\/uploads\/2023\/09\/cropped-leopard-spots-yellow-47727-2.png\",\"width\":808,\"height\":1279,\"caption\":\"l\u00e9opardbrise.fr\"},\"image\":{\"@id\":\"https:\/\/leopardbrise.fr\/#\/schema\/logo\/image\/\"}}]}<\/script>\n<!-- \/ Yoast SEO plugin. -->","yoast_head_json":{"title":"Cart - l\u00e9opardbrise.fr","robots":{"index":"index","follow":"follow","max-snippet":"max-snippet:-1","max-image-preview":"max-image-preview:large","max-video-preview":"max-video-preview:-1"},"canonical":"https:\/\/leopardbrise.fr\/?page_id=6","og_locale":"fr_FR","og_type":"article","og_title":"Cart - l\u00e9opardbrise.fr","og_url":"https:\/\/leopardbrise.fr\/?page_id=6","og_site_name":"l\u00e9opardbrise.fr","twitter_card":"summary_large_image","schema":{"@context":"https:\/\/schema.org","@graph":[{"@type":"WebPage","@id":"https:\/\/leopardbrise.fr\/?page_id=6","url":"https:\/\/leopardbrise.fr\/?page_id=6","name":"Cart - l\u00e9opardbrise.fr","isPartOf":{"@id":"https:\/\/leopardbrise.fr\/#website"},"datePublished":"2023-09-08T14:38:29+00:00","dateModified":"2023-09-08T14:38:29+00:00","breadcrumb":{"@id":"https:\/\/leopardbrise.fr\/?page_id=6#breadcrumb"},"inLanguage":"fr-FR","potentialAction":[{"@type":"ReadAction","target":["https:\/\/leopardbrise.fr\/?page_id=6"]}]},{"@type":"BreadcrumbList","@id":"https:\/\/leopardbrise.fr\/?page_id=6#breadcrumb","itemListElement":[{"@type":"ListItem","position":1,"name":"Accueil","item":"https:\/\/leopardbrise.fr\/"},{"@type":"ListItem","position":2,"name":"Cart"}]},{"@type":"WebSite","@id":"https:\/\/leopardbrise.fr\/#website","url":"https:\/\/leopardbrise.fr\/","name":"l\u00e9opardbrise.fr","description":"votre r\u00e9parateur vitrage \u00e0 domicile!","publisher":{"@id":"https:\/\/leopardbrise.fr\/#organization"},"potentialAction":[{"@type":"SearchAction","target":{"@type":"EntryPoint","urlTemplate":"https:\/\/leopardbrise.fr\/?s={search_term_string}"},"query-input":"required name=search_term_string"}],"inLanguage":"fr-FR"},{"@type":"Organization","@id":"https:\/\/leopardbrise.fr\/#organization","name":"l\u00e9opardbrise.fr","url":"https:\/\/leopardbrise.fr\/","logo":{"@type":"ImageObject","inLanguage":"fr-FR","@id":"https:\/\/leopardbrise.fr\/#\/schema\/logo\/image\/","url":"https:\/\/leopardbrise.fr\/wp-content\/uploads\/2023\/09\/cropped-leopard-spots-yellow-47727-2.png","contentUrl":"https:\/\/leopardbrise.fr\/wp-content\/uploads\/2023\/09\/cropped-leopard-spots-yellow-47727-2.png","width":808,"height":1279,"caption":"l\u00e9opardbrise.fr"},"image":{"@id":"https:\/\/leopardbrise.fr\/#\/schema\/logo\/image\/"}}]}},"_links":{"self":[{"href":"https:\/\/leopardbrise.fr\/index.php?rest_route=\/wp\/v2\/pages\/6"}],"collection":[{"href":"https:\/\/leopardbrise.fr\/index.php?rest_route=\/wp\/v2\/pages"}],"about":[{"href":"https:\/\/leopardbrise.fr\/index.php?rest_route=\/wp\/v2\/types\/page"}],"author":[{"embeddable":true,"href":"https:\/\/leopardbrise.fr\/index.php?rest_route=\/wp\/v2\/users\/1"}],"replies":[{"embeddable":true,"href":"https:\/\/leopardbrise.fr\/index.php?rest_route=%2Fwp%2Fv2%2Fcomments&post=6"}],"version-history":[{"count":0,"href":"https:\/\/leopardbrise.fr\/index.php?rest_route=\/wp\/v2\/pages\/6\/revisions"}],"wp:attachment":[{"href":"https:\/\/leopardbrise.fr\/index.php?rest_route=%2Fwp%2Fv2%2Fmedia&parent=6"}],"curies":[{"name":"wp","href":"https:\/\/api.w.org\/{rel}","templated":true}]}}