{"id":1999,"date":"2023-10-06T16:58:09","date_gmt":"2023-10-06T14:58:09","guid":{"rendered":"https:\/\/leopardbrise.fr\/?post_type=product&#038;p=1999"},"modified":"2023-10-13T10:09:49","modified_gmt":"2023-10-13T08:09:49","slug":"lavage-vehicule","status":"publish","type":"product","link":"https:\/\/leopardbrise.fr\/?product=lavage-vehicule","title":{"rendered":"Lavage v\u00e9hicule"},"content":{"rendered":"<p>Lavage int\u00e9rieur \/ ext\u00e9rieur du v\u00e9hicule , un v\u00e9hicule propre assur\u00e9!<\/p>\n","protected":false},"excerpt":{"rendered":"<p>lavage complet du v\u00e9hicule<\/p>\n","protected":false},"featured_media":1980,"comment_status":"open","ping_status":"closed","template":"","meta":{"site-sidebar-layout":"default","site-content-layout":"","ast-site-content-layout":"default","site-content-style":"default","site-sidebar-style":"default","ast-global-header-display":"","ast-banner-title-visibility":"","ast-main-header-display":"","ast-hfb-above-header-display":"","ast-hfb-below-header-display":"","ast-hfb-mobile-header-display":"","site-post-title":"","ast-breadcrumbs-content":"","ast-featured-img":"","footer-sml-layout":"","theme-transparent-header-meta":"default","adv-header-id-meta":"","stick-header-meta":"","header-above-stick-meta":"","header-main-stick-meta":"","header-below-stick-meta":"","astra-migrate-meta-layouts":"set"},"product_cat":[26],"product_tag":[],"yoast_head":"<!-- This site is optimized with the Yoast SEO plugin v21.4 - https:\/\/yoast.com\/wordpress\/plugins\/seo\/ -->\n<title>Lavage v\u00e9hicule - l\u00e9opardbrise.fr<\/title>\n<meta name=\"robots\" content=\"index, follow, max-snippet:-1, max-image-preview:large, max-video-preview:-1\" \/>\n<link rel=\"canonical\" href=\"https:\/\/leopardbrise.fr\/?product=lavage-vehicule\" \/>\n<meta property=\"og:locale\" content=\"fr_FR\" \/>\n<meta property=\"og:type\" content=\"article\" \/>\n<meta property=\"og:title\" content=\"Lavage v\u00e9hicule - l\u00e9opardbrise.fr\" \/>\n<meta property=\"og:description\" content=\"lavage complet du v\u00e9hicule\" \/>\n<meta property=\"og:url\" content=\"https:\/\/leopardbrise.fr\/?product=lavage-vehicule\" \/>\n<meta property=\"og:site_name\" content=\"l\u00e9opardbrise.fr\" \/>\n<meta property=\"article:modified_time\" content=\"2023-10-13T08:09:49+00:00\" \/>\n<meta property=\"og:image\" content=\"http:\/\/leopardbrise.fr\/wp-content\/uploads\/2023\/10\/images.jpg\" \/>\n\t<meta property=\"og:image:width\" content=\"244\" \/>\n\t<meta property=\"og:image:height\" content=\"207\" \/>\n\t<meta property=\"og:image:type\" content=\"image\/jpeg\" \/>\n<meta name=\"twitter:card\" content=\"summary_large_image\" \/>\n<meta name=\"twitter:label1\" content=\"Dur\u00e9e de lecture estim\u00e9e\" \/>\n\t<meta name=\"twitter:data1\" content=\"1 minute\" \/>\n<script type=\"application\/ld+json\" class=\"yoast-schema-graph\">{\"@context\":\"https:\/\/schema.org\",\"@graph\":[{\"@type\":\"WebPage\",\"@id\":\"https:\/\/leopardbrise.fr\/?product=lavage-vehicule\",\"url\":\"https:\/\/leopardbrise.fr\/?product=lavage-vehicule\",\"name\":\"Lavage v\u00e9hicule - l\u00e9opardbrise.fr\",\"isPartOf\":{\"@id\":\"https:\/\/leopardbrise.fr\/#website\"},\"datePublished\":\"2023-10-06T14:58:09+00:00\",\"dateModified\":\"2023-10-13T08:09:49+00:00\",\"breadcrumb\":{\"@id\":\"https:\/\/leopardbrise.fr\/?product=lavage-vehicule#breadcrumb\"},\"inLanguage\":\"fr-FR\",\"potentialAction\":[{\"@type\":\"ReadAction\",\"target\":[\"https:\/\/leopardbrise.fr\/?product=lavage-vehicule\"]}]},{\"@type\":\"BreadcrumbList\",\"@id\":\"https:\/\/leopardbrise.fr\/?product=lavage-vehicule#breadcrumb\",\"itemListElement\":[{\"@type\":\"ListItem\",\"position\":1,\"name\":\"Accueil\",\"item\":\"https:\/\/leopardbrise.fr\/\"},{\"@type\":\"ListItem\",\"position\":2,\"name\":\"boutique\",\"item\":\"https:\/\/leopardbrise.fr\/?page_id=2007\"},{\"@type\":\"ListItem\",\"position\":3,\"name\":\"Lavage v\u00e9hicule\"}]},{\"@type\":\"WebSite\",\"@id\":\"https:\/\/leopardbrise.fr\/#website\",\"url\":\"https:\/\/leopardbrise.fr\/\",\"name\":\"l\u00e9opardbrise.fr\",\"description\":\"votre r\u00e9parateur vitrage \u00e0 domicile!\",\"publisher\":{\"@id\":\"https:\/\/leopardbrise.fr\/#organization\"},\"potentialAction\":[{\"@type\":\"SearchAction\",\"target\":{\"@type\":\"EntryPoint\",\"urlTemplate\":\"https:\/\/leopardbrise.fr\/?s={search_term_string}\"},\"query-input\":\"required name=search_term_string\"}],\"inLanguage\":\"fr-FR\"},{\"@type\":\"Organization\",\"@id\":\"https:\/\/leopardbrise.fr\/#organization\",\"name\":\"l\u00e9opardbrise.fr\",\"url\":\"https:\/\/leopardbrise.fr\/\",\"logo\":{\"@type\":\"ImageObject\",\"inLanguage\":\"fr-FR\",\"@id\":\"https:\/\/leopardbrise.fr\/#\/schema\/logo\/image\/\",\"url\":\"https:\/\/leopardbrise.fr\/wp-content\/uploads\/2023\/09\/cropped-leopard-spots-yellow-47727-2.png\",\"contentUrl\":\"https:\/\/leopardbrise.fr\/wp-content\/uploads\/2023\/09\/cropped-leopard-spots-yellow-47727-2.png\",\"width\":808,\"height\":1279,\"caption\":\"l\u00e9opardbrise.fr\"},\"image\":{\"@id\":\"https:\/\/leopardbrise.fr\/#\/schema\/logo\/image\/\"}}]}<\/script>\n<!-- \/ Yoast SEO plugin. -->","yoast_head_json":{"title":"Lavage v\u00e9hicule - l\u00e9opardbrise.fr","robots":{"index":"index","follow":"follow","max-snippet":"max-snippet:-1","max-image-preview":"max-image-preview:large","max-video-preview":"max-video-preview:-1"},"canonical":"https:\/\/leopardbrise.fr\/?product=lavage-vehicule","og_locale":"fr_FR","og_type":"article","og_title":"Lavage v\u00e9hicule - l\u00e9opardbrise.fr","og_description":"lavage complet du v\u00e9hicule","og_url":"https:\/\/leopardbrise.fr\/?product=lavage-vehicule","og_site_name":"l\u00e9opardbrise.fr","article_modified_time":"2023-10-13T08:09:49+00:00","og_image":[{"width":244,"height":207,"url":"http:\/\/leopardbrise.fr\/wp-content\/uploads\/2023\/10\/images.jpg","type":"image\/jpeg"}],"twitter_card":"summary_large_image","twitter_misc":{"Dur\u00e9e de lecture estim\u00e9e":"1 minute"},"schema":{"@context":"https:\/\/schema.org","@graph":[{"@type":"WebPage","@id":"https:\/\/leopardbrise.fr\/?product=lavage-vehicule","url":"https:\/\/leopardbrise.fr\/?product=lavage-vehicule","name":"Lavage v\u00e9hicule - l\u00e9opardbrise.fr","isPartOf":{"@id":"https:\/\/leopardbrise.fr\/#website"},"datePublished":"2023-10-06T14:58:09+00:00","dateModified":"2023-10-13T08:09:49+00:00","breadcrumb":{"@id":"https:\/\/leopardbrise.fr\/?product=lavage-vehicule#breadcrumb"},"inLanguage":"fr-FR","potentialAction":[{"@type":"ReadAction","target":["https:\/\/leopardbrise.fr\/?product=lavage-vehicule"]}]},{"@type":"BreadcrumbList","@id":"https:\/\/leopardbrise.fr\/?product=lavage-vehicule#breadcrumb","itemListElement":[{"@type":"ListItem","position":1,"name":"Accueil","item":"https:\/\/leopardbrise.fr\/"},{"@type":"ListItem","position":2,"name":"boutique","item":"https:\/\/leopardbrise.fr\/?page_id=2007"},{"@type":"ListItem","position":3,"name":"Lavage v\u00e9hicule"}]},{"@type":"WebSite","@id":"https:\/\/leopardbrise.fr\/#website","url":"https:\/\/leopardbrise.fr\/","name":"l\u00e9opardbrise.fr","description":"votre r\u00e9parateur vitrage \u00e0 domicile!","publisher":{"@id":"https:\/\/leopardbrise.fr\/#organization"},"potentialAction":[{"@type":"SearchAction","target":{"@type":"EntryPoint","urlTemplate":"https:\/\/leopardbrise.fr\/?s={search_term_string}"},"query-input":"required name=search_term_string"}],"inLanguage":"fr-FR"},{"@type":"Organization","@id":"https:\/\/leopardbrise.fr\/#organization","name":"l\u00e9opardbrise.fr","url":"https:\/\/leopardbrise.fr\/","logo":{"@type":"ImageObject","inLanguage":"fr-FR","@id":"https:\/\/leopardbrise.fr\/#\/schema\/logo\/image\/","url":"https:\/\/leopardbrise.fr\/wp-content\/uploads\/2023\/09\/cropped-leopard-spots-yellow-47727-2.png","contentUrl":"https:\/\/leopardbrise.fr\/wp-content\/uploads\/2023\/09\/cropped-leopard-spots-yellow-47727-2.png","width":808,"height":1279,"caption":"l\u00e9opardbrise.fr"},"image":{"@id":"https:\/\/leopardbrise.fr\/#\/schema\/logo\/image\/"}}]}},"_links":{"self":[{"href":"https:\/\/leopardbrise.fr\/index.php?rest_route=\/wp\/v2\/product\/1999"}],"collection":[{"href":"https:\/\/leopardbrise.fr\/index.php?rest_route=\/wp\/v2\/product"}],"about":[{"href":"https:\/\/leopardbrise.fr\/index.php?rest_route=\/wp\/v2\/types\/product"}],"replies":[{"embeddable":true,"href":"https:\/\/leopardbrise.fr\/index.php?rest_route=%2Fwp%2Fv2%2Fcomments&post=1999"}],"wp:featuredmedia":[{"embeddable":true,"href":"https:\/\/leopardbrise.fr\/index.php?rest_route=\/wp\/v2\/media\/1980"}],"wp:attachment":[{"href":"https:\/\/leopardbrise.fr\/index.php?rest_route=%2Fwp%2Fv2%2Fmedia&parent=1999"}],"wp:term":[{"taxonomy":"product_cat","embeddable":true,"href":"https:\/\/leopardbrise.fr\/index.php?rest_route=%2Fwp%2Fv2%2Fproduct_cat&post=1999"},{"taxonomy":"product_tag","embeddable":true,"href":"https:\/\/leopardbrise.fr\/index.php?rest_route=%2Fwp%2Fv2%2Fproduct_tag&post=1999"}],"curies":[{"name":"wp","href":"https:\/\/api.w.org\/{rel}","templated":true}]}}